{"id":3,"date":"2009-09-17T12:48:13","date_gmt":"2009-09-17T10:48:13","guid":{"rendered":"http:\/\/www.transportesmarsio.com\/?page_id=3"},"modified":"2009-09-17T20:16:58","modified_gmt":"2009-09-17T18:16:58","slug":"empresa","status":"publish","type":"page","link":"https:\/\/transportesmarsio.com\/?page_id=3","title":{"rendered":"Empresa"},"content":{"rendered":"<p><span style=\"text-decoration: underline;\"><strong><img loading=\"lazy\" decoding=\"async\" class=\"alignleft size-full wp-image-42\" title=\"camion_antigo\" src=\"https:\/\/www.transportesmarsio.com\/wp-content\/uploads\/2009\/09\/camion_antigo.jpg\" alt=\"camion_antigo\" width=\"125\" height=\"177\" \/>Historia<\/strong><\/span><\/p>\n<p style=\"text-align: justify;\"><span style=\"text-decoration: underline;\"><strong><\/strong><\/span>Jos\u00e9  \t\t\t\t\t\t\t\t\t\t\t\t\t\t\t\tManuel Mart\u00ednez Sio, actual propietario de la empresa, empez\u00f3 en la actividad del  \t\t\t\t\t\t\t\t\t\t\t\t\t\t\t\ttransportes en los a\u00f1os 50.<\/p>\n<p style=\"text-align: justify;\">En 1978 forma una sociedad junto a su mujer, dando lugar a una empresa  \t\t\t\t\t\t\t\t\t\t\t\t\t\t\t\teminentemente familiar en la que tambi\u00e9n participan sus hijos.<\/p>\n<p style=\"text-align: justify;\">TRANSPORTES MARSIO S. L. es una empresa constituida en el a\u00f1o 1978, ubicada en  \t\t\t\t\t\t\t\t\t\t\t\t\t\t\t\tPorri\u00f1o (Pontevedra) y con dedicaci\u00f3n a la actividad de transportes en general.<br \/>\nCuenta con una gran variedad de camiones gr\u00faa, basculantes, cisterna, etc.<\/p>\n","protected":false},"excerpt":{"rendered":"<p>Historia Jos\u00e9 Manuel Mart\u00ednez Sio, actual propietario de la empresa, empez\u00f3 en la actividad del transportes en los a\u00f1os 50. En 1978 forma una sociedad junto a su mujer, dando lugar a una empresa eminentemente familiar en la que tambi\u00e9n participan sus hijos. TRANSPORTES MARSIO S. L. es una empresa constituida en el a\u00f1o 1978, [&hellip;]<\/p>\n","protected":false},"author":2,"featured_media":0,"parent":0,"menu_order":1,"comment_status":"open","ping_status":"closed","template":"","meta":{"footnotes":""},"class_list":["post-3","page","type-page","status-publish","hentry"],"_links":{"self":[{"href":"https:\/\/transportesmarsio.com\/index.php?rest_route=\/wp\/v2\/pages\/3","targetHints":{"allow":["GET"]}}],"collection":[{"href":"https:\/\/transportesmarsio.com\/index.php?rest_route=\/wp\/v2\/pages"}],"about":[{"href":"https:\/\/transportesmarsio.com\/index.php?rest_route=\/wp\/v2\/types\/page"}],"author":[{"embeddable":true,"href":"https:\/\/transportesmarsio.com\/index.php?rest_route=\/wp\/v2\/users\/2"}],"replies":[{"embeddable":true,"href":"https:\/\/transportesmarsio.com\/index.php?rest_route=%2Fwp%2Fv2%2Fcomments&post=3"}],"version-history":[{"count":5,"href":"https:\/\/transportesmarsio.com\/index.php?rest_route=\/wp\/v2\/pages\/3\/revisions"}],"predecessor-version":[{"id":48,"href":"https:\/\/transportesmarsio.com\/index.php?rest_route=\/wp\/v2\/pages\/3\/revisions\/48"}],"wp:attachment":[{"href":"https:\/\/transportesmarsio.com\/index.php?rest_route=%2Fwp%2Fv2%2Fmedia&parent=3"}],"curies":[{"name":"wp","href":"https:\/\/api.w.org\/{rel}","templated":true}]}}