{"id":21,"date":"2009-09-17T13:01:25","date_gmt":"2009-09-17T11:01:25","guid":{"rendered":"http:\/\/www.transportesmarsio.com\/?page_id=21"},"modified":"2025-02-12T09:18:51","modified_gmt":"2025-02-12T08:18:51","slug":"home","status":"publish","type":"page","link":"https:\/\/transportesmarsio.com\/","title":{"rendered":"Home"},"content":{"rendered":"<p><span style=\"text-decoration: underline;\"><strong>Bienvenido a nuestra Pagina Web<\/strong><\/span><\/p>\n<p style=\"text-align: justify;\"><img loading=\"lazy\" decoding=\"async\" class=\"alignleft margin-right:10px size-full wp-image-32\" title=\"road2\" src=\"https:\/\/www.transportesmarsio.com\/wp-content\/uploads\/2009\/09\/road2.jpg\" alt=\"road2\" width=\"101\" height=\"150\" \/>TRANSPORTES MARSIO S. L. es una empresa con dedicaci\u00f3n a la actividad de transportes por carretera tanto nacional como internacional. Cuenta con una gran variedad de camiones gr\u00faa (rigidos y articulados), basculantes, cisternas, etc\u2026<\/p>\n<p style=\"text-align: justify;\">As\u00ed mismo, dispone de una propiedad de\u00a05.000 metros, entre naves y terrenos, as\u00ed como de servicio de taller propio y, actualmente, con una flota de\u00a030 camiones.<\/p>\n<p>Nuestro \u00e1mbito de trabajo Espa\u00f1a y Portugal.<\/p>\n<p>\u00a0<\/p>\n<p style=\"text-align: justify;\"><img loading=\"lazy\" decoding=\"async\" class=\"alignright size-full wp-image-31\" title=\"O-031-0406\" src=\"https:\/\/www.transportesmarsio.com\/wp-content\/uploads\/2009\/09\/O-031-0406.jpg\" alt=\"O-031-0406\" width=\"150\" height=\"100\" \/><span style=\"text-decoration: underline;\"><strong>Descripci\u00f3n de nuestra p\u00e1gina<\/strong><\/span><\/p>\n<p style=\"text-align: justify;\">La pagina est\u00e1 dise\u00f1ada para que encuentre lo que busque r\u00e1pidamente, acceso a nuestras oficinas, formas de contacto, servicios disponibles,\u00a0 novedades,\u00a0queremos \u00a0facilitar\u00a0la relaci\u00f3n con nuestros clientes.<\/p>\n<p>\u00a0<\/p>\n<hr \/>\n\n\n<figure class=\"wp-block-image size-full\"><img decoding=\"async\" src=\"https:\/\/transportesmarsio.com\/wp-content\/uploads\/2025\/01\/achatarrar.png\" alt=\"\" class=\"wp-image-160\"\/><\/figure>\n\n\n\n<hr class=\"wp-block-separator has-alpha-channel-opacity\"\/>\n\n\n\n<figure class=\"wp-block-image size-large\"><img loading=\"lazy\" decoding=\"async\" width=\"1024\" height=\"180\" src=\"https:\/\/transportesmarsio.com\/wp-content\/uploads\/2025\/02\/imagen-1-1024x180.png\" alt=\"\" class=\"wp-image-170\" srcset=\"https:\/\/transportesmarsio.com\/wp-content\/uploads\/2025\/02\/imagen-1-1024x180.png 1024w, https:\/\/transportesmarsio.com\/wp-content\/uploads\/2025\/02\/imagen-1-300x53.png 300w, https:\/\/transportesmarsio.com\/wp-content\/uploads\/2025\/02\/imagen-1-150x26.png 150w, https:\/\/transportesmarsio.com\/wp-content\/uploads\/2025\/02\/imagen-1-768x135.png 768w, https:\/\/transportesmarsio.com\/wp-content\/uploads\/2025\/02\/imagen-1.png 1077w\" sizes=\"auto, (max-width: 1024px) 100vw, 1024px\" \/><\/figure>\n\n\n\n<p><strong>BENEFICIARIO:<\/strong><\/p>\n\n\n\n<p>MARSIO, S.L.<\/p>\n\n\n\n<p><strong>TITULO \/ OBJETIVO PRINCIPAL:<\/strong><\/p>\n\n\n\n<p>Subvenciones para la modernizaci\u00f3n de empresas privadas de transporte de viajeros prestadoras de servicios de transporte por carretera y de empresas privadas que intervienen en el transporte de mercanc\u00edas por carretera, en la Comunidad Aut\u00f3noma de Galicia, en el marco del Plan de Recuperaci\u00f3n, Transformaci\u00f3n y Resiliencia- Financiado por la Uni\u00f3n Europea- Next Generation EU<\/p>\n\n\n\n<p><strong>CATEGORIA 2:<\/strong><\/p>\n\n\n\n<p>SISTEMA DE TAC\u00d3GRAFO INTELIGENTE DE SEGUNDA GENERACI\u00d3N.<\/p>\n\n\n\n<p><strong>A\u00d1O<\/strong>: 2024<\/p>\n\n\n\n<p>I<strong>MPORTE DE LA AYUDA:<\/strong> 11.937 \u20ac<\/p>\n\n\n\n<p><strong>Expediente.:<\/strong> IF325B_2024_0311<br><style type=\"text\/css\">p { line-height: 115%; margin-bottom: 0.25cm; background: transparent }&lt;br>&lt;font face=\"Arial, sans-serif\">&lt;font size=\"4\" style=\"font-size: 14pt\">&lt;b>BENEFICIARIO:&lt;\/b>\t&lt;\/font>\t\t\t\t\t&lt;font face=\"Arial, sans-serif\">&lt;font size=\"6\" style=\"font-size: 28pt\">MARSIO,&lt;br>S.L.&lt;\/font>&lt;\/font>&lt;\/font>&lt;br>&lt;br>&lt;br>&lt;br>&lt;br>&lt;br>&lt;br>&lt;br>&lt;br>&lt;br>&lt;font face=\"Arial, sans-serif\">&lt;font size=\"4\" style=\"font-size: 14pt\">&lt;b>TITULO&lt;br>\/ OBJETIVO PRINCIPAL:&lt;\/b>&lt;\/font>&lt;\/font>&lt;br>&lt;br>&lt;font face=\"Arial, sans-serif\">&lt;font size=\"4\" style=\"font-size: 14pt\">Subvenciones&lt;br>para la modernizaci\u00f3n de empresas privadas de transporte de viajeros&lt;br>prestadoras de servicios de transporte por carretera y de empresas&lt;br>privadas que intervienen en el transporte de mercanc\u00edas por&lt;br>carretera, en la Comunidad Aut\u00f3noma de Galicia, en el marco del Plan&lt;br>de Recuperaci\u00f3n, Transformaci\u00f3n y Resiliencia- Financiado por la&lt;br>Uni\u00f3n Europea- Next Generation EU&lt;\/font>&lt;\/font>&lt;br>&lt;br>&lt;br>&lt;br>&lt;br>&lt;br>&lt;br>&lt;br>&lt;font face=\"Arial, sans-serif\">&lt;font size=\"4\" style=\"font-size: 14pt\">&lt;b>CATEGORIA&lt;br>2:&lt;\/b>SISTEMA&lt;br>DE TAC\u00d3GRAFO INTELIGENTE DE SEGUNDA GENERACI\u00d3N.\t\t\t\t\t\t\t\t\t\t\t\t\t\t&lt;b>A\u00d1O&lt;\/b>:&lt;br>2024\t\t\t\t\t\t\t\t\t\t\t\t\t\tI&lt;b>MPORTE&lt;br>DE LA AYUDA:&lt;\/b>&lt;br>11.937 \u20ac&lt;b>Expediente.:&lt;\/b>&lt;br>IF325B_2024_0311&lt;\/font>&lt;\/font><\/style><\/p>\n\n\n\n<p><\/p>\n","protected":false},"excerpt":{"rendered":"<p>Bienvenido a nuestra Pagina Web TRANSPORTES MARSIO S. L. es una empresa con dedicaci\u00f3n a la actividad de transportes por carretera tanto nacional como internacional. Cuenta con una gran variedad de camiones gr\u00faa (rigidos y articulados), basculantes, cisternas, etc\u2026 As\u00ed mismo, dispone de una propiedad de\u00a05.000 metros, entre naves y terrenos, as\u00ed como de servicio [&hellip;]<\/p>\n","protected":false},"author":2,"featured_media":0,"parent":0,"menu_order":0,"comment_status":"closed","ping_status":"closed","template":"","meta":{"footnotes":""},"class_list":["post-21","page","type-page","status-publish","hentry"],"_links":{"self":[{"href":"https:\/\/transportesmarsio.com\/index.php?rest_route=\/wp\/v2\/pages\/21","targetHints":{"allow":["GET"]}}],"collection":[{"href":"https:\/\/transportesmarsio.com\/index.php?rest_route=\/wp\/v2\/pages"}],"about":[{"href":"https:\/\/transportesmarsio.com\/index.php?rest_route=\/wp\/v2\/types\/page"}],"author":[{"embeddable":true,"href":"https:\/\/transportesmarsio.com\/index.php?rest_route=\/wp\/v2\/users\/2"}],"replies":[{"embeddable":true,"href":"https:\/\/transportesmarsio.com\/index.php?rest_route=%2Fwp%2Fv2%2Fcomments&post=21"}],"version-history":[{"count":27,"href":"https:\/\/transportesmarsio.com\/index.php?rest_route=\/wp\/v2\/pages\/21\/revisions"}],"predecessor-version":[{"id":175,"href":"https:\/\/transportesmarsio.com\/index.php?rest_route=\/wp\/v2\/pages\/21\/revisions\/175"}],"wp:attachment":[{"href":"https:\/\/transportesmarsio.com\/index.php?rest_route=%2Fwp%2Fv2%2Fmedia&parent=21"}],"curies":[{"name":"wp","href":"https:\/\/api.w.org\/{rel}","templated":true}]}}