{"id":19,"date":"2009-09-17T13:00:22","date_gmt":"2009-09-17T11:00:22","guid":{"rendered":"http:\/\/www.transportesmarsio.com\/?page_id=19"},"modified":"2012-10-03T11:40:44","modified_gmt":"2012-10-03T09:40:44","slug":"informacion","status":"publish","type":"page","link":"https:\/\/transportesmarsio.com\/?page_id=19","title":{"rendered":"Informaci\u00f3n"},"content":{"rendered":"<p>Queremos agradecerle su inter\u00e9s en colaborar con nuestra organizaci\u00f3n para ayudarnos a mejorar nuestra sede. Para facilitarnos este trabajo le rogamos que conteste a las siguientes preguntas:<\/p>\n\n<div class=\"wpcf7 no-js\" id=\"wpcf7-f137-o1\" lang=\"en-US\" dir=\"ltr\" data-wpcf7-id=\"137\">\n<div class=\"screen-reader-response\"><p role=\"status\" aria-live=\"polite\" aria-atomic=\"true\"><\/p> <ul><\/ul><\/div>\n<form action=\"\/index.php?rest_route=%2Fwp%2Fv2%2Fpages%2F19#wpcf7-f137-o1\" method=\"post\" class=\"wpcf7-form init\" aria-label=\"Contact form\" novalidate=\"novalidate\" data-status=\"init\">\n<fieldset class=\"hidden-fields-container\"><input type=\"hidden\" name=\"_wpcf7\" value=\"137\" \/><input type=\"hidden\" name=\"_wpcf7_version\" value=\"6.1.5\" \/><input type=\"hidden\" name=\"_wpcf7_locale\" value=\"en_US\" \/><input type=\"hidden\" name=\"_wpcf7_unit_tag\" value=\"wpcf7-f137-o1\" \/><input type=\"hidden\" name=\"_wpcf7_container_post\" value=\"0\" \/><input type=\"hidden\" name=\"_wpcf7_posted_data_hash\" value=\"\" \/>\n<\/fieldset>\n<table border=\"0\" cellspacing=\"4\" cellpadding=\"0\" width=\"100%\">\n\t<tbody>\n\t\t<tr valign=\"middle\">\n\t\t\t<td colspan=\"2\" align=\"right\">\n\t\t\t\t<p><span style=\"font-family: Verdana; color: #993300; font-size: xx-small;\"><strong>* <\/strong><\/span><span style=\"color: #993300;\"><span style=\"font-family: Verdana,Arial,Helvetica,sans-serif; font-size: xx-small;\">Nombre <\/span><\/span>\n\t\t\t\t<\/p>\n\t\t\t<\/td>\n\t\t\t<td width=\"67%\" align=\"left\">\n\t\t\t\t<p><span class=\"wpcf7-form-control-wrap\" data-name=\"your-name\"><input size=\"40\" maxlength=\"400\" class=\"wpcf7-form-control wpcf7-text wpcf7-validates-as-required\" aria-required=\"true\" aria-invalid=\"false\" value=\"\" type=\"text\" name=\"your-name\" \/><\/span><span style=\"color: #993300;\"><br \/>\n<\/span>\n\t\t\t\t<\/p>\n\t\t\t<\/td>\n\t\t<\/tr>\n\t\t<tr valign=\"middle\">\n\t\t\t<td colspan=\"2\" align=\"right\">\n\t\t\t\t<p><span style=\"font-size: x-small;\"><span style=\"font-size: x-small;\"><span style=\"font-family: Arial;\"><span style=\"font-size: x-small;\"><span style=\"font-size: x-small;\"><span style=\"font-family: Arial;\"><span style=\"font-family: Arial;\"><span style=\"color: #993300;\"><span style=\"font-family: Verdana; font-size: xx-small;\"><strong>* <\/strong><\/span><span style=\"font-family: Verdana,Arial,Helvetica,sans-serif; font-size: xx-small;\">Direcci\u00f3n:<\/span><\/span><\/span><\/span><\/span><\/span><\/span><\/span><\/span>\n\t\t\t\t<\/p>\n\t\t\t<\/td>\n\t\t\t<td width=\"67%\" align=\"left\">\n\t\t\t\t<p><span class=\"wpcf7-form-control-wrap\" data-name=\"your-address\"><input size=\"40\" maxlength=\"400\" class=\"wpcf7-form-control wpcf7-text wpcf7-validates-as-required\" aria-required=\"true\" aria-invalid=\"false\" value=\"\" type=\"text\" name=\"your-address\" \/><\/span><span style=\"color: #993300;\"> <\/span>\n\t\t\t\t<\/p>\n\t\t\t<\/td>\n\t\t<\/tr>\n\t\t<tr valign=\"middle\">\n\t\t\t<td colspan=\"2\" align=\"right\">\n\t\t\t\t<p><span style=\"font-size: x-small;\"><span style=\"font-family: Arial;\"><span style=\"font-family: Arial;\"><span style=\"font-family: Arial;\"><span style=\"color: #993300;\"><span style=\"font-family: Verdana; font-size: xx-small;\"><strong>* <\/strong><\/span><span style=\"font-family: Verdana,Arial,Helvetica,sans-serif; font-size: xx-small;\">Poblaci\u00f3n:<\/span><\/span><\/span><\/span><\/span><\/span>\n\t\t\t\t<\/p>\n\t\t\t<\/td>\n\t\t\t<td width=\"67%\" align=\"left\">\n\t\t\t\t<p><span class=\"wpcf7-form-control-wrap\" data-name=\"your-city\"><input size=\"40\" maxlength=\"400\" class=\"wpcf7-form-control wpcf7-text wpcf7-validates-as-required\" aria-required=\"true\" aria-invalid=\"false\" value=\"\" type=\"text\" name=\"your-city\" \/><\/span><span style=\"color: #993300;\"> <\/span>\n\t\t\t\t<\/p>\n\t\t\t<\/td>\n\t\t<\/tr>\n\t\t<tr valign=\"middle\">\n\t\t\t<td colspan=\"2\" align=\"right\">\n\t\t\t\t<p><span style=\"font-size: x-small;\"><span style=\"font-size: x-small;\"><span style=\"font-family: Arial;\"><span style=\"font-family: Arial;\"><span style=\"font-family: Verdana,Arial,Helvetica,sans-serif; color: #993300; font-size: xx-small;\">C\u00f3digo Postal:<\/span><\/span><\/span><\/span><\/span>\n\t\t\t\t<\/p>\n\t\t\t<\/td>\n\t\t\t<td width=\"67%\" align=\"left\">\n\t\t\t\t<p><span class=\"wpcf7-form-control-wrap\" data-name=\"your-postcode\"><input size=\"40\" maxlength=\"400\" class=\"wpcf7-form-control wpcf7-text\" aria-invalid=\"false\" value=\"\" type=\"text\" name=\"your-postcode\" \/><\/span><span style=\"color: #993300;\"> <\/span>\n\t\t\t\t<\/p>\n\t\t\t<\/td>\n\t\t<\/tr>\n\t\t<tr valign=\"middle\">\n\t\t\t<td colspan=\"2\" align=\"right\">\n\t\t\t\t<p><span style=\"color: #993300;\"><span style=\"font-size: x-small;\"><span style=\"font-size: x-small;\"><span style=\"font-family: Arial;\"><span style=\"font-family: Arial;\"><span style=\"font-family: Verdana; font-size: xx-small;\"><strong>* <\/strong><\/span><span style=\"font-family: Verdana,Arial,Helvetica,sans-serif; font-size: xx-small;\">Tel\u00e9fono:<\/span><\/span><\/span><\/span><\/span> <\/span>\n\t\t\t\t<\/p>\n\t\t\t<\/td>\n\t\t\t<td width=\"67%\" align=\"left\">\n\t\t\t\t<p><span class=\"wpcf7-form-control-wrap\" data-name=\"Telefono\"><input size=\"40\" maxlength=\"20\" class=\"wpcf7-form-control wpcf7-text wpcf7-validates-as-required\" aria-required=\"true\" aria-invalid=\"false\" value=\"\" type=\"text\" name=\"Telefono\" \/><\/span><span style=\"color: #993300;\"> <\/span>\n\t\t\t\t<\/p>\n\t\t\t<\/td>\n\t\t<\/tr>\n\t\t<tr valign=\"middle\">\n\t\t\t<td colspan=\"2\" align=\"right\">\n\t\t\t\t<p><span style=\"font-size: x-small;\"><span style=\"font-size: x-small;\"><span style=\"font-family: Arial;\"><span style=\"color: #993300;\"><span style=\"font-size: x-small;\"><span style=\"font-size: x-small;\"><span style=\"font-family: Arial;\"><span style=\"font-family: Arial;\"><span style=\"font-family: Verdana,Arial,Helvetica,sans-serif; font-size: xx-small;\">Fax:<\/span><\/span><\/span><\/span><\/span> <\/span><\/span><\/span><\/span>\n\t\t\t\t<\/p>\n\t\t\t<\/td>\n\t\t\t<td width=\"67%\" align=\"left\">\n\t\t\t\t<p><span class=\"wpcf7-form-control-wrap\" data-name=\"FAX\"><input size=\"40\" maxlength=\"20\" class=\"wpcf7-form-control wpcf7-text wpcf7-validates-as-required\" aria-required=\"true\" aria-invalid=\"false\" value=\"\" type=\"text\" name=\"FAX\" \/><\/span><span style=\"color: #993300;\"> <\/span>\n\t\t\t\t<\/p>\n\t\t\t<\/td>\n\t\t<\/tr>\n\t\t<tr valign=\"middle\">\n\t\t\t<td colspan=\"2\" align=\"right\">\n\t\t\t\t<p><span style=\"font-size: x-small;\"><span style=\"font-size: x-small;\"><span style=\"font-family: Arial;\"><span style=\"font-family: Arial;\"><span style=\"color: #993300;\"><span style=\"font-family: Verdana; font-size: xx-small;\"><strong>* <\/strong><\/span><span style=\"font-family: Verdana,Arial,Helvetica,sans-serif; font-size: xx-small;\">e-mail:<\/span><\/span><\/span><\/span><\/span><\/span>\n\t\t\t\t<\/p>\n\t\t\t<\/td>\n\t\t\t<td width=\"67%\" align=\"left\">\n\t\t\t\t<p><span class=\"wpcf7-form-control-wrap\" data-name=\"your-email\"><input size=\"40\" maxlength=\"400\" class=\"wpcf7-form-control wpcf7-text wpcf7-validates-as-required\" aria-required=\"true\" aria-invalid=\"false\" value=\"\" type=\"text\" name=\"your-email\" \/><\/span><span style=\"color: #993300;\"><\/span>\n\t\t\t\t<\/p>\n\t\t\t<\/td>\n\t\t<\/tr>\n\t\t<tr valign=\"middle\">\n\t\t\t<td colspan=\"2\" align=\"right\">\n\t\t\t\t<p><span style=\"font-size: x-small;\"><span style=\"font-size: x-small;\"><span style=\"font-family: Arial;\"><span style=\"font-family: Arial;\"><span style=\"font-family: Verdana,Arial,Helvetica,sans-serif; color: #993300; font-size: xx-small;\">Web:<\/span><\/span><\/span><\/span><\/span>\n\t\t\t\t<\/p>\n\t\t\t<\/td>\n\t\t\t<td width=\"67%\" align=\"left\">\n\t\t\t\t<p><span class=\"wpcf7-form-control-wrap\" data-name=\"your-web\"><input size=\"40\" maxlength=\"400\" class=\"wpcf7-form-control wpcf7-text\" aria-invalid=\"false\" value=\"\" type=\"text\" name=\"your-web\" \/><\/span><span style=\"color: #993300;\"><br \/>\n<\/span>\n\t\t\t\t<\/p>\n\t\t\t<\/td>\n\t\t<\/tr>\n\t\t<tr valign=\"middle\">\n\t\t\t<td colspan=\"3\" align=\"right\">\n\t\t\t<\/td>\n\t\t<\/tr>\n\t\t<tr align=\"center\" valign=\"middle\">\n\t\t\t<td colspan=\"3\">\n\t\t\t\t<p><span style=\"font-family: Verdana; color: #993300; font-size: xx-small;\"><span style=\"color: #993300;\">\u00bfDesea \t\t\t\t\t\t\t\t\t\t\t\t\t\t\tque nos pongamos en contacto con usted?<\/span> <\/span><span style=\"font-family: Verdana,Arial,Helvetica,sans-serif; color: #993300; font-size: xx-small;\"><br \/>\n<span class=\"wpcf7-form-control-wrap\" data-name=\"contactar\"><span class=\"wpcf7-form-control wpcf7-radio\"><span class=\"wpcf7-list-item first\"><input type=\"radio\" name=\"contactar\" value=\"Si\" checked=\"checked\" \/><span class=\"wpcf7-list-item-label\">Si<\/span><\/span><span class=\"wpcf7-list-item last\"><input type=\"radio\" name=\"contactar\" value=\"No\" \/><span class=\"wpcf7-list-item-label\">No<\/span><\/span><\/span><\/span><\/span>\n\t\t\t\t<\/p>\n\t\t\t<\/td>\n\t\t<\/tr>\n\t\t<tr valign=\"middle\">\n\t\t\t<td colspan=\"3\" align=\"right\">\n\t\t\t\t<p><span style=\"font-family: Verdana,Arial,Helvetica,sans-serif; font-size: xx-small;\"><span style=\"font-size: xx-small;\"><span style=\"font-family: Verdana,Arial,Helvetica,sans-serif;\"> <\/span><span style=\"font-family: Verdana,Arial,Helvetica,sans-serif; font-size: xx-small;\"><span style=\"font-size: xx-small;\"><span style=\"font-family: Verdana,Arial,Helvetica,sans-serif;\"> <\/span><span style=\"font-family: Verdana,Arial,Helvetica,sans-serif; font-size: xx-small;\"><span style=\"font-size: xx-small;\"> <span style=\"font-family: Verdana,Arial,Helvetica,sans-serif;\"> <\/span><span style=\"font-family: Verdana,Arial,Helvetica,sans-serif; font-size: xx-small;\"> <span style=\"font-size: xx-small;\"><span style=\"font-family: Verdana,Arial,Helvetica,sans-serif; font-size: xx-small;\"><span style=\"font-size: xx-small;\"><span style=\"font-family: Verdana,Arial,Helvetica,sans-serif; font-size: xx-small;\"> <\/span><\/span><\/span><\/span><\/span><\/span><\/span><\/span> <\/span><\/span><\/span>\n\t\t\t\t<\/p>\n\t\t\t<\/td>\n\t\t<\/tr>\n\t\t<tr align=\"center\" valign=\"middle\">\n\t\t\t<td colspan=\"3\">\n\t\t\t\t<div>\n\t\t\t\t\t<p><span style=\"font-family: Verdana; color: #993300; font-size: xx-small;\">A que departamento desea enviar su \t\t\t\t\t\t\t\t\t\t\t\t\t\t\tcomentario<\/span>\n\t\t\t\t\t<\/p>\n\t\t\t\t<\/div>\n\t\t\t<\/td>\n\t\t<\/tr>\n\t\t<tr align=\"center\" valign=\"middle\">\n\t\t\t<td colspan=\"3\">\n\t\t\t\t<p><span class=\"wpcf7-form-control-wrap\" data-name=\"departamento\"><select class=\"wpcf7-form-control wpcf7-select wpcf7-validates-as-required\" aria-required=\"true\" aria-invalid=\"false\" name=\"departamento\"><option value=\"Comercial\">Comercial<\/option><option value=\"Logistica\">Logistica<\/option><option value=\"Gerencia\">Gerencia<\/option><\/select><\/span><span style=\"font-family: Verdana,Arial,Helvetica,sans-serif; color: #993300; font-size: xx-small;\"><br \/>\n<\/span>\n\t\t\t\t<\/p>\n\t\t\t<\/td>\n\t\t<\/tr>\n\t\t<tr valign=\"middle\">\n\t\t\t<td colspan=\"3\" align=\"right\">\n\t\t\t<\/td>\n\t\t<\/tr>\n\t\t<tr align=\"center\" valign=\"middle\">\n\t\t\t<td colspan=\"3\">\n\t\t\t\t<p><span style=\"font-family: Verdana,Arial,Helvetica,sans-serif; color: #993300; font-size: xx-small;\">\u00bfCual es su comentario?<\/span><span style=\"font-family: Verdana,Arial,Helvetica,sans-serif; color: #993300; font-size: xx-small;\"><\/span>\n\t\t\t\t<\/p>\n\t\t\t<\/td>\n\t\t<\/tr>\n\t\t<tr valign=\"middle\">\n\t\t\t<td colspan=\"3\" align=\"center\">\n\t\t\t\t<p><span class=\"wpcf7-form-control-wrap\" data-name=\"your-message\"><textarea cols=\"40\" rows=\"10\" maxlength=\"2000\" class=\"wpcf7-form-control wpcf7-textarea\" aria-invalid=\"false\" name=\"your-message\"><\/textarea><\/span>\n\t\t\t\t<\/p>\n\t\t\t<\/td>\n\t\t<\/tr>\n\t\t<tr valign=\"middle\">\n\t\t\t<td colspan=\"3\" align=\"center\"  style=\"font-family: Verdana; color: #993300;\">\n\t\t\t\t<p><span style=\"font-family: Verdana; align=\"center\";><\/span>\n\t\t\t\t<\/p>\n\t\t\t<\/td>\n\t\t<\/tr>\n\t\t<tr align=\"center\" valign=\"middle\">\n\t\t\t<td colspan=\"3\">\n\t\t\t\t<p><input class=\"wpcf7-form-control wpcf7-submit has-spinner\" type=\"submit\" value=\"Enviar\" \/>\n\t\t\t\t<\/p>\n\t\t\t<\/td>\n\t\t<\/tr>\n\t\t<tr valign=\"middle\">\n\t\t\t<td colspan=\"3\" align=\"right\">\n\t\t\t<\/td>\n\t\t<\/tr>\n\t\t<tr align=\"center\" valign=\"middle\">\n\t\t\t<td colspan=\"3\">\n\t\t\t\t<p><span style=\"font-family: Verdana; font-size: xx-small;\"><span><span style=\"color: #993300;\"><span style=\"font-family: Verdana,Arial,Helvetica,sans-serif;\">Los campos con<\/span><span style=\"font-family: Verdana; font-size: xx-small;\"><strong> * <\/strong><\/span><span style=\"font-family: Verdana,Arial,Helvetica,sans-serif;\"> son requeridos<\/span><\/span><\/span><\/span>\n\t\t\t\t<\/p>\n\t\t\t<\/td>\n\t\t<\/tr>\n\t<\/tbody>\n<\/table><div class=\"wpcf7-response-output\" aria-hidden=\"true\"><\/div>\n<\/form>\n<\/div>\n\n","protected":false},"excerpt":{"rendered":"<p>Queremos agradecerle su inter\u00e9s en colaborar con nuestra organizaci\u00f3n para ayudarnos a mejorar nuestra sede. Para facilitarnos este trabajo le rogamos que conteste a las siguientes preguntas:<\/p>\n","protected":false},"author":2,"featured_media":0,"parent":0,"menu_order":3,"comment_status":"open","ping_status":"closed","template":"","meta":{"footnotes":""},"class_list":["post-19","page","type-page","status-publish","hentry"],"_links":{"self":[{"href":"https:\/\/transportesmarsio.com\/index.php?rest_route=\/wp\/v2\/pages\/19","targetHints":{"allow":["GET"]}}],"collection":[{"href":"https:\/\/transportesmarsio.com\/index.php?rest_route=\/wp\/v2\/pages"}],"about":[{"href":"https:\/\/transportesmarsio.com\/index.php?rest_route=\/wp\/v2\/types\/page"}],"author":[{"embeddable":true,"href":"https:\/\/transportesmarsio.com\/index.php?rest_route=\/wp\/v2\/users\/2"}],"replies":[{"embeddable":true,"href":"https:\/\/transportesmarsio.com\/index.php?rest_route=%2Fwp%2Fv2%2Fcomments&post=19"}],"version-history":[{"count":7,"href":"https:\/\/transportesmarsio.com\/index.php?rest_route=\/wp\/v2\/pages\/19\/revisions"}],"predecessor-version":[{"id":138,"href":"https:\/\/transportesmarsio.com\/index.php?rest_route=\/wp\/v2\/pages\/19\/revisions\/138"}],"wp:attachment":[{"href":"https:\/\/transportesmarsio.com\/index.php?rest_route=%2Fwp%2Fv2%2Fmedia&parent=19"}],"curies":[{"name":"wp","href":"https:\/\/api.w.org\/{rel}","templated":true}]}}