{"id":17,"date":"2009-09-17T12:59:57","date_gmt":"2009-09-17T10:59:57","guid":{"rendered":"http:\/\/www.transportesmarsio.com\/?page_id=17"},"modified":"2009-09-17T21:12:43","modified_gmt":"2009-09-17T19:12:43","slug":"accesorios","status":"publish","type":"page","link":"https:\/\/transportesmarsio.com\/?page_id=17","title":{"rendered":"Accesorios"},"content":{"rendered":"<p><a href=\"http:\/\/www.transportesmarsio.com\/wp-content\/uploads\/2009\/09\/tenaza.jpg\" target=\"_blank\"><img loading=\"lazy\" decoding=\"async\" class=\"alignright size-thumbnail wp-image-85\" title=\"tenaza\" src=\"https:\/\/www.transportesmarsio.com\/wp-content\/uploads\/2009\/09\/tenaza-150x114.jpg\" alt=\"tenaza\" width=\"150\" height=\"114\" srcset=\"https:\/\/transportesmarsio.com\/wp-content\/uploads\/2009\/09\/tenaza-150x114.jpg 150w, https:\/\/transportesmarsio.com\/wp-content\/uploads\/2009\/09\/tenaza.jpg 175w\" sizes=\"auto, (max-width: 150px) 100vw, 150px\" \/><\/a>TENAZAS<br \/>\nTenazas para la carga\/descarga y colocaci\u00f3n de chapas de piedra, perpia\u00f1o, etc.. \tampliar imagen<\/p>\n<p><span style=\"color: #ffffff;\">.<\/span><\/p>\n<p><span style=\"color: #ffffff;\">.<\/span><\/p>\n<p><span style=\"color: #ffffff;\">.<\/span><\/p>\n<p><a href=\"http:\/\/www.transportesmarsio.com\/wp-content\/uploads\/2009\/09\/cazo2.gif\" target=\"_blank\"><img loading=\"lazy\" decoding=\"async\" class=\"alignright size-thumbnail wp-image-87\" title=\"cazo2\" src=\"https:\/\/www.transportesmarsio.com\/wp-content\/uploads\/2009\/09\/cazo2-150x144.gif\" alt=\"cazo2\" width=\"150\" height=\"144\" srcset=\"https:\/\/transportesmarsio.com\/wp-content\/uploads\/2009\/09\/cazo2-150x144.gif 150w, https:\/\/transportesmarsio.com\/wp-content\/uploads\/2009\/09\/cazo2.gif 175w\" sizes=\"auto, (max-width: 150px) 100vw, 150px\" \/><\/a>CAZO<br \/>\nCazo para la carga, descarga o movimiento de tierra, grava, escombro, etc&#8230; \tampliar imagen<\/p>\n<p><span style=\"color: #ffffff;\">.<\/span><\/p>\n<p><span style=\"color: #ffffff;\">.<\/span><\/p>\n<p><span style=\"color: #ffffff;\">.<\/span><\/p>\n<p><span style=\"color: #ffffff;\">.<\/span><\/p>\n<p><a href=\"http:\/\/www.transportesmarsio.com\/wp-content\/uploads\/2009\/09\/pinza.jpg\" target=\"_blank\"><img loading=\"lazy\" decoding=\"async\" class=\"alignright size-thumbnail wp-image-88\" title=\"pinza\" src=\"https:\/\/www.transportesmarsio.com\/wp-content\/uploads\/2009\/09\/pinza-120x150.jpg\" alt=\"pinza\" width=\"120\" height=\"150\" srcset=\"https:\/\/transportesmarsio.com\/wp-content\/uploads\/2009\/09\/pinza-120x150.jpg 120w, https:\/\/transportesmarsio.com\/wp-content\/uploads\/2009\/09\/pinza.jpg 175w\" sizes=\"auto, (max-width: 120px) 100vw, 120px\" \/><\/a>PINZA<br \/>\nPinza para la carga, descarga o colocaci\u00f3n de madera, piedra (mamposter\u00eda, perpia\u00f1o, columnas&#8230; ), etc&#8230; \tampliar imagen<\/p>\n<p><span style=\"color: #ffffff;\">.<\/span><\/p>\n<p><span style=\"color: #ffffff;\">.<\/span><\/p>\n<p><span style=\"color: #ffffff;\">.<\/span><\/p>\n<p><span style=\"color: #ffffff;\">.<\/span><\/p>\n<p><a href=\"http:\/\/www.transportesmarsio.com\/wp-content\/uploads\/2009\/09\/pinza_pales.jpg\" target=\"_blank\"><img loading=\"lazy\" decoding=\"async\" class=\"alignright size-thumbnail wp-image-89\" title=\"pinza_pales\" src=\"https:\/\/www.transportesmarsio.com\/wp-content\/uploads\/2009\/09\/pinza_pales-108x150.jpg\" alt=\"pinza_pales\" width=\"108\" height=\"150\" srcset=\"https:\/\/transportesmarsio.com\/wp-content\/uploads\/2009\/09\/pinza_pales-108x150.jpg 108w, https:\/\/transportesmarsio.com\/wp-content\/uploads\/2009\/09\/pinza_pales.jpg 175w\" sizes=\"auto, (max-width: 108px) 100vw, 108px\" \/><\/a>GANCHO PALETS<br \/>\nGancho para carga y descarga de palets de todo tipo y deimensiones. \tampliar imagen<\/p>\n<p><span style=\"color: #ffffff;\">.<\/span><\/p>\n<p><span style=\"color: #ffffff;\">.<\/span><\/p>\n<p><span style=\"color: #ffffff;\">.<\/span><\/p>\n<p><span style=\"color: #ffffff;\">.<\/span><\/p>\n<p><a href=\"http:\/\/www.transportesmarsio.com\/wp-content\/uploads\/2009\/09\/cisterna.jpg\" target=\"_blank\"><img loading=\"lazy\" decoding=\"async\" class=\"alignright size-thumbnail wp-image-90\" title=\"cisterna\" src=\"https:\/\/www.transportesmarsio.com\/wp-content\/uploads\/2009\/09\/cisterna-150x92.jpg\" alt=\"cisterna\" width=\"150\" height=\"92\" srcset=\"https:\/\/transportesmarsio.com\/wp-content\/uploads\/2009\/09\/cisterna-150x92.jpg 150w, https:\/\/transportesmarsio.com\/wp-content\/uploads\/2009\/09\/cisterna.jpg 175w\" sizes=\"auto, (max-width: 150px) 100vw, 150px\" \/><\/a>CISTERNA<br \/>\nCisterna para agua, con sistema de regadio para regar pistas, limpiar carreteras, etc. Consistema de manguera para el relleno de piscinas, pozos o maquinas. \tampliar imagen<\/p>\n<p><span style=\"color: #ffffff;\">.<\/span><\/p>\n<p><span style=\"color: #ffffff;\">.<\/span><\/p>\n<p><a href=\"http:\/\/www.transportesmarsio.com\/wp-content\/uploads\/2009\/09\/balancin1.jpg\" target=\"_blank\"><img loading=\"lazy\" decoding=\"async\" class=\"alignright size-thumbnail wp-image-91\" title=\"balancin1\" src=\"https:\/\/www.transportesmarsio.com\/wp-content\/uploads\/2009\/09\/balancin1-150x112.jpg\" alt=\"balancin1\" width=\"150\" height=\"112\" srcset=\"https:\/\/transportesmarsio.com\/wp-content\/uploads\/2009\/09\/balancin1-150x112.jpg 150w, https:\/\/transportesmarsio.com\/wp-content\/uploads\/2009\/09\/balancin1.jpg 175w\" sizes=\"auto, (max-width: 150px) 100vw, 150px\" \/><\/a>BALANCIN<br \/>\nbalanc\u00edn para descargas de mercanc\u00edas de grandes dimensiones.<\/p>\n<p><span style=\"color: #ffffff;\">.<\/span><\/p>\n<p><span style=\"color: #ffffff;\">.<\/span><\/p>\n<p><span style=\"color: #ffffff;\">.<a href=\"http:\/\/www.transportesmarsio.com\/wp-content\/uploads\/2009\/09\/balancin2.jpg\" target=\"_blank\"><img loading=\"lazy\" decoding=\"async\" class=\"alignright size-thumbnail wp-image-92\" title=\"balancin2\" src=\"https:\/\/www.transportesmarsio.com\/wp-content\/uploads\/2009\/09\/balancin2-150x112.jpg\" alt=\"balancin2\" width=\"150\" height=\"112\" srcset=\"https:\/\/transportesmarsio.com\/wp-content\/uploads\/2009\/09\/balancin2-150x112.jpg 150w, https:\/\/transportesmarsio.com\/wp-content\/uploads\/2009\/09\/balancin2.jpg 175w\" sizes=\"auto, (max-width: 150px) 100vw, 150px\" \/><\/a><\/span><\/p>\n","protected":false},"excerpt":{"rendered":"<p>TENAZAS Tenazas para la carga\/descarga y colocaci\u00f3n de chapas de piedra, perpia\u00f1o, etc.. ampliar imagen . . . CAZO Cazo para la carga, descarga o movimiento de tierra, grava, escombro, etc&#8230; ampliar imagen . . . . PINZA Pinza para la carga, descarga o colocaci\u00f3n de madera, piedra (mamposter\u00eda, perpia\u00f1o, columnas&#8230; ), etc&#8230; ampliar imagen [&hellip;]<\/p>\n","protected":false},"author":2,"featured_media":0,"parent":12,"menu_order":0,"comment_status":"open","ping_status":"closed","template":"","meta":{"footnotes":""},"class_list":["post-17","page","type-page","status-publish","hentry"],"_links":{"self":[{"href":"https:\/\/transportesmarsio.com\/index.php?rest_route=\/wp\/v2\/pages\/17","targetHints":{"allow":["GET"]}}],"collection":[{"href":"https:\/\/transportesmarsio.com\/index.php?rest_route=\/wp\/v2\/pages"}],"about":[{"href":"https:\/\/transportesmarsio.com\/index.php?rest_route=\/wp\/v2\/types\/page"}],"author":[{"embeddable":true,"href":"https:\/\/transportesmarsio.com\/index.php?rest_route=\/wp\/v2\/users\/2"}],"replies":[{"embeddable":true,"href":"https:\/\/transportesmarsio.com\/index.php?rest_route=%2Fwp%2Fv2%2Fcomments&post=17"}],"version-history":[{"count":5,"href":"https:\/\/transportesmarsio.com\/index.php?rest_route=\/wp\/v2\/pages\/17\/revisions"}],"predecessor-version":[{"id":84,"href":"https:\/\/transportesmarsio.com\/index.php?rest_route=\/wp\/v2\/pages\/17\/revisions\/84"}],"up":[{"embeddable":true,"href":"https:\/\/transportesmarsio.com\/index.php?rest_route=\/wp\/v2\/pages\/12"}],"wp:attachment":[{"href":"https:\/\/transportesmarsio.com\/index.php?rest_route=%2Fwp%2Fv2%2Fmedia&parent=17"}],"curies":[{"name":"wp","href":"https:\/\/api.w.org\/{rel}","templated":true}]}}