{"id":14,"date":"2009-09-17T12:51:44","date_gmt":"2009-09-17T10:51:44","guid":{"rendered":"http:\/\/www.transportesmarsio.com\/?page_id=14"},"modified":"2009-10-01T12:32:42","modified_gmt":"2009-10-01T10:32:42","slug":"transportes","status":"publish","type":"page","link":"https:\/\/transportesmarsio.com\/?page_id=14","title":{"rendered":"Transportes"},"content":{"rendered":"<p><a href=\"http:\/\/www.transportesmarsio.com\/wp-content\/uploads\/2009\/09\/sv500037_g.jpg\" target=\"_blank\"><img loading=\"lazy\" decoding=\"async\" class=\"size-thumbnail wp-image-65 alignright\" title=\"sv500037_g\" src=\"https:\/\/www.transportesmarsio.com\/wp-content\/uploads\/2009\/09\/sv500037_g-150x93.jpg\" alt=\"sv500037_g\" width=\"150\" height=\"93\" srcset=\"https:\/\/transportesmarsio.com\/wp-content\/uploads\/2009\/09\/sv500037_g-150x93.jpg 150w, https:\/\/transportesmarsio.com\/wp-content\/uploads\/2009\/09\/sv500037_g-300x187.jpg 300w, https:\/\/transportesmarsio.com\/wp-content\/uploads\/2009\/09\/sv500037_g.jpg 500w\" sizes=\"auto, (max-width: 150px) 100vw, 150px\" \/><\/a><\/p>\n<p>CAMI\u00d3N TRAILER<\/p>\n<p><span style=\"color: #ffffff;\">.<\/span><br \/>\nCamiones trailer con gr\u00faa de hasta 18 metros de largo y semiremolque de 9 y 13 metros de largo de caja.<\/p>\n<p><a href=\"http:\/\/www.transportesmarsio.com\/wp-content\/uploads\/2009\/09\/sv500064_g.jpg\" target=\"_blank\"><img loading=\"lazy\" decoding=\"async\" class=\"alignright size-thumbnail wp-image-69\" title=\"sv500064_g\" src=\"https:\/\/www.transportesmarsio.com\/wp-content\/uploads\/2009\/09\/sv500064_g-150x71.jpg\" alt=\"sv500064_g\" width=\"150\" height=\"71\" srcset=\"https:\/\/transportesmarsio.com\/wp-content\/uploads\/2009\/09\/sv500064_g-150x71.jpg 150w, https:\/\/transportesmarsio.com\/wp-content\/uploads\/2009\/09\/sv500064_g-300x142.jpg 300w, https:\/\/transportesmarsio.com\/wp-content\/uploads\/2009\/09\/sv500064_g.jpg 500w\" sizes=\"auto, (max-width: 150px) 100vw, 150px\" \/><\/a>CAMI\u00d3N TRAILER<\/p>\n<p><span style=\"color: #ffffff;\">.<\/span><br \/>\nCami\u00f3n trailer, gr\u00faa con pinza de hasta 9 metros de largo y semirremolque de 9 metros de largo de caja.<\/p>\n<p><a href=\"http:\/\/www.transportesmarsio.com\/wp-content\/uploads\/2009\/09\/6296_g.jpg\" target=\"_blank\"><img loading=\"lazy\" decoding=\"async\" class=\"alignright size-thumbnail wp-image-71\" title=\"6296_g\" src=\"https:\/\/www.transportesmarsio.com\/wp-content\/uploads\/2009\/09\/6296_g-150x78.jpg\" alt=\"6296_g\" width=\"150\" height=\"78\" srcset=\"https:\/\/transportesmarsio.com\/wp-content\/uploads\/2009\/09\/6296_g-150x78.jpg 150w, https:\/\/transportesmarsio.com\/wp-content\/uploads\/2009\/09\/6296_g-300x157.jpg 300w, https:\/\/transportesmarsio.com\/wp-content\/uploads\/2009\/09\/6296_g.jpg 607w\" sizes=\"auto, (max-width: 150px) 100vw, 150px\" \/><\/a>CAMI\u00d3N 4 EJES<\/p>\n<p><span style=\"color: #ffffff;\">.<\/span><br \/>\nCamiones 4 ejes con gr\u00faas desde 8 metros hasta 19 metros de largo con la posibilidad de aumentar hasta los 24 metros de largo, con balderas o caja abierta.<\/p>\n<p><a href=\"http:\/\/www.transportesmarsio.com\/wp-content\/uploads\/2009\/09\/sv500033_g.jpg\" target=\"_blank\"><img loading=\"lazy\" decoding=\"async\" class=\"alignright size-thumbnail wp-image-73\" title=\"sv500033_g\" src=\"https:\/\/www.transportesmarsio.com\/wp-content\/uploads\/2009\/09\/sv500033_g-150x79.jpg\" alt=\"sv500033_g\" width=\"150\" height=\"79\" srcset=\"https:\/\/transportesmarsio.com\/wp-content\/uploads\/2009\/09\/sv500033_g-150x79.jpg 150w, https:\/\/transportesmarsio.com\/wp-content\/uploads\/2009\/09\/sv500033_g-300x159.jpg 300w, https:\/\/transportesmarsio.com\/wp-content\/uploads\/2009\/09\/sv500033_g.jpg 500w\" sizes=\"auto, (max-width: 150px) 100vw, 150px\" \/><\/a>CAMI\u00d3N 4 EJES<\/p>\n<p><span style=\"color: #ffffff;\">.<\/span><br \/>\nCami\u00f3n 4 ejes con gr\u00faa y con pinza de hasta 9 metros de largo y caja abierta.<\/p>\n<p><a href=\"http:\/\/www.transportesmarsio.com\/wp-content\/uploads\/2009\/09\/sv500061_g.jpg\" target=\"_blank\"><img loading=\"lazy\" decoding=\"async\" class=\"alignright size-thumbnail wp-image-75\" title=\"sv500061_g\" src=\"https:\/\/www.transportesmarsio.com\/wp-content\/uploads\/2009\/09\/sv500061_g-150x93.jpg\" alt=\"sv500061_g\" width=\"150\" height=\"85\" \/><\/a>CAMI\u00d3N 3 EJES<\/p>\n<p><span style=\"color: #ffffff;\">.<\/span><br \/>\nCamiones 3 ejes con tracci\u00f3n 6&#215;6, gr\u00faa con pinza de hasta 9 metros de largo y caja abierta<\/p>\n<p><span style=\"color: #ffffff;\">.<\/span><\/p>\n<p><a href=\"http:\/\/www.transportesmarsio.com\/wp-content\/uploads\/2009\/09\/IMAGE_031.jpg\" target=\"_blank\"><img loading=\"lazy\" decoding=\"async\" class=\"alignright size-thumbnail wp-image-76\" title=\"IMAGE_031\" src=\"https:\/\/www.transportesmarsio.com\/wp-content\/uploads\/2009\/09\/IMAGE_031-150x112.jpg\" alt=\"IMAGE_031\" width=\"150\" height=\"90\" \/><\/a>CAMI\u00d3N 3 EJES<\/p>\n<p><span style=\"color: #ffffff;\">.<\/span><br \/>\nCamiones 3 ejes con gr\u00faa de hasta 12 metros de largo, con mando a distancia y cabrestante y basculante<\/p>\n<p><span style=\"color: #ffffff;\">.<\/span><\/p>\n<p><a href=\"http:\/\/www.transportesmarsio.com\/wp-content\/uploads\/2009\/09\/6328_g.jpg\" target=\"_blank\"><img loading=\"lazy\" decoding=\"async\" class=\"alignright size-thumbnail wp-image-77\" title=\"6328_g\" src=\"https:\/\/www.transportesmarsio.com\/wp-content\/uploads\/2009\/09\/6328_g-150x74.jpg\" alt=\"6328_g\" width=\"150\" height=\"74\" srcset=\"https:\/\/transportesmarsio.com\/wp-content\/uploads\/2009\/09\/6328_g-150x74.jpg 150w, https:\/\/transportesmarsio.com\/wp-content\/uploads\/2009\/09\/6328_g-300x148.jpg 300w, https:\/\/transportesmarsio.com\/wp-content\/uploads\/2009\/09\/6328_g.jpg 618w\" sizes=\"auto, (max-width: 150px) 100vw, 150px\" \/><\/a>CAMI\u00d3N 2 EJES<\/p>\n<p><span style=\"color: #ffffff;\">.<\/span><br \/>\nCamiones 2 ejes con gr\u00faa de hasta 12 metros de largo (con la posibilidad de aumentar hasta los 18,5 metros) con caja fija o basculante.<\/p>\n<p><span style=\"color: #ffffff;\">.<\/span><\/p>\n<p><a href=\"http:\/\/www.transportesmarsio.com\/wp-content\/uploads\/2009\/09\/IMAGE_052.jpg\" target=\"_blank\"><img loading=\"lazy\" decoding=\"async\" class=\"alignright size-thumbnail wp-image-80\" title=\"IMAGE_052\" src=\"https:\/\/www.transportesmarsio.com\/wp-content\/uploads\/2009\/09\/IMAGE_052-150x112.jpg\" alt=\"IMAGE_052\" width=\"150\" height=\"112\" srcset=\"https:\/\/transportesmarsio.com\/wp-content\/uploads\/2009\/09\/IMAGE_052-150x112.jpg 150w, https:\/\/transportesmarsio.com\/wp-content\/uploads\/2009\/09\/IMAGE_052-300x225.jpg 300w, https:\/\/transportesmarsio.com\/wp-content\/uploads\/2009\/09\/IMAGE_052.jpg 500w\" sizes=\"auto, (max-width: 150px) 100vw, 150px\" \/><\/a>CAMI\u00d3N 2 EJES<\/p>\n<p><span style=\"color: #ffffff;\">.<\/span><br \/>\nCamiones 2 ejes con caja fija.<\/p>\n","protected":false},"excerpt":{"rendered":"<p>CAMI\u00d3N TRAILER . Camiones trailer con gr\u00faa de hasta 18 metros de largo y semiremolque de 9 y 13 metros de largo de caja. CAMI\u00d3N TRAILER . Cami\u00f3n trailer, gr\u00faa con pinza de hasta 9 metros de largo y semirremolque de 9 metros de largo de caja. CAMI\u00d3N 4 EJES . Camiones 4 ejes con [&hellip;]<\/p>\n","protected":false},"author":2,"featured_media":0,"parent":12,"menu_order":0,"comment_status":"open","ping_status":"closed","template":"","meta":{"footnotes":""},"class_list":["post-14","page","type-page","status-publish","hentry"],"_links":{"self":[{"href":"https:\/\/transportesmarsio.com\/index.php?rest_route=\/wp\/v2\/pages\/14","targetHints":{"allow":["GET"]}}],"collection":[{"href":"https:\/\/transportesmarsio.com\/index.php?rest_route=\/wp\/v2\/pages"}],"about":[{"href":"https:\/\/transportesmarsio.com\/index.php?rest_route=\/wp\/v2\/types\/page"}],"author":[{"embeddable":true,"href":"https:\/\/transportesmarsio.com\/index.php?rest_route=\/wp\/v2\/users\/2"}],"replies":[{"embeddable":true,"href":"https:\/\/transportesmarsio.com\/index.php?rest_route=%2Fwp%2Fv2%2Fcomments&post=14"}],"version-history":[{"count":10,"href":"https:\/\/transportesmarsio.com\/index.php?rest_route=\/wp\/v2\/pages\/14\/revisions"}],"predecessor-version":[{"id":102,"href":"https:\/\/transportesmarsio.com\/index.php?rest_route=\/wp\/v2\/pages\/14\/revisions\/102"}],"up":[{"embeddable":true,"href":"https:\/\/transportesmarsio.com\/index.php?rest_route=\/wp\/v2\/pages\/12"}],"wp:attachment":[{"href":"https:\/\/transportesmarsio.com\/index.php?rest_route=%2Fwp%2Fv2%2Fmedia&parent=14"}],"curies":[{"name":"wp","href":"https:\/\/api.w.org\/{rel}","templated":true}]}}